{"id":114,"date":"2019-01-28T17:53:38","date_gmt":"2019-01-28T16:53:38","guid":{"rendered":"http:\/\/evolib.com\/?page_id=114"},"modified":"2020-06-30T10:25:30","modified_gmt":"2020-06-30T08:25:30","slug":"assistante-sociale-independante-manche","status":"publish","type":"page","link":"https:\/\/evolib.com\/","title":{"rendered":"Assistante sociale ind\u00e9pendante Manche"},"content":{"rendered":"\n<p>Assistante sociale ind\u00e9pendante : un service social souple et r\u00e9actif qui s&rsquo;adapte aux besoins.<\/p>\n\n\n\n<p>L\u2019assistante sociale aide les individus et les familles \u00e0 faire face \u00e0 des&nbsp;<strong>probl\u00e8mes divers<\/strong>. Pour cela, elle informe les personnes de leurs&nbsp;<strong>droits<\/strong>, des&nbsp;<strong>d\u00e9marches<\/strong>&nbsp;\u00e0 suivre, les aide \u00e0 comprendre les diff\u00e9rents documents administratifs, les&nbsp;<strong>oriente<\/strong>&nbsp;vers les structures adapt\u00e9s.<\/p>\n\n\n\n<p>Cela implique de savoir&nbsp;<strong>\u00e9couter<\/strong>&nbsp;les personnes mais aussi de se tenir au courant des lois et de leur l\u2019\u00e9volution, de tisser un important&nbsp;<strong>r\u00e9seau professionnel<\/strong>, d\u2019avoir des connaissances sur les diff\u00e9rentes institutions et rouages de l\u2019administration.<\/p>\n\n\n\n<p>Les assistantes sociales sont tenues au&nbsp;<strong>secret professionnel<\/strong>&nbsp;et suivent un Code de D\u00e9ontologie.<\/p>\n\n\n\n<p>Assistante sociale de formation, j\u2019exerce d\u00e9sormais en ind\u00e9pendante sur le d\u00e9partement de la&nbsp;<strong>Manche<\/strong>.<\/p>\n\n\n\n<p>Ce service novateur permet aux entreprises et \u00e9tablissements de recourir aux comp\u00e9tences d\u2019une assistante sociale selon leurs besoins.<\/p>\n\n\n\n<p>L\u2019int\u00e9r\u00eat du lib\u00e9ral est aussi de pouvoir \u00eatre&nbsp;<strong>inventif<\/strong>&nbsp;dans l\u2019accompagnement. Permanences, mise \u00e0 disposition, sur site ou dans mes propres locaux, visio&#8230;<\/p>\n\n\n\n<p>Entreprises &#8211; Etablissements &#8211; Associations &#8211; Particuliers &#8211; Travailleurs ind\u00e9pendants<\/p>\n","protected":false},"excerpt":{"rendered":"<p>Assistante sociale ind\u00e9pendante : un service social souple et r\u00e9actif qui s&rsquo;adapte aux besoins. L\u2019assistante sociale aide les individus et les familles \u00e0 faire face \u00e0 des&nbsp;probl\u00e8mes divers. Pour cela, elle informe les personnes de leurs&nbsp;droits, des&nbsp;d\u00e9marches&nbsp;\u00e0 suivre, les aide \u00e0 comprendre les diff\u00e9rents documents administratifs, les&nbsp;oriente&nbsp;vers les structures adapt\u00e9s.&hellip;<\/p>\n","protected":false},"author":1,"featured_media":0,"parent":0,"menu_order":0,"comment_status":"closed","ping_status":"closed","template":"template-onepage.php","meta":{"footnotes":""},"yoast_head":"<!-- This site is optimized with the Yoast SEO plugin v19.0 - https:\/\/yoast.com\/wordpress\/plugins\/seo\/ -->\n<title>Assistante sociale ind\u00e9pendante - service social adaptable aux besoins<\/title>\n<meta name=\"description\" content=\"Assistante sociale ind\u00e9pendante. Contrat de prestation \u00e0 la carte pour les entreprises et \u00e9tablissements. Cr\u00e9ation de micro service sociaux, formation.\" \/>\n<meta name=\"robots\" content=\"index, follow, max-snippet:-1, max-image-preview:large, max-video-preview:-1\" \/>\n<link rel=\"canonical\" href=\"http:\/\/evolib.com\/\" \/>\n<meta property=\"og:locale\" content=\"fr_FR\" \/>\n<meta property=\"og:type\" content=\"article\" \/>\n<meta property=\"og:title\" content=\"Assistante sociale ind\u00e9pendante - service social adaptable aux besoins\" \/>\n<meta property=\"og:description\" content=\"Assistante sociale ind\u00e9pendante. Contrat de prestation \u00e0 la carte pour les entreprises et \u00e9tablissements. Cr\u00e9ation de micro service sociaux, formation.\" \/>\n<meta property=\"og:url\" content=\"http:\/\/evolib.com\/\" \/>\n<meta property=\"og:site_name\" content=\"EvoliB - Assistante sociale ind\u00e9pendante - Manche\" \/>\n<meta property=\"article:publisher\" content=\"https:\/\/www.facebook.com\/EvoliB-556115924869914\/\" \/>\n<meta property=\"article:modified_time\" content=\"2020-06-30T08:25:30+00:00\" \/>\n<meta name=\"twitter:card\" content=\"summary_large_image\" \/>\n<meta name=\"twitter:label1\" content=\"Dur\u00e9e de lecture estim\u00e9e\" \/>\n\t<meta name=\"twitter:data1\" content=\"1 minute\" \/>\n<script type=\"application\/ld+json\" class=\"yoast-schema-graph\">{\"@context\":\"https:\/\/schema.org\",\"@graph\":[{\"@type\":\"Organization\",\"@id\":\"http:\/\/evolib.com\/#organization\",\"name\":\"EvoliB\",\"url\":\"http:\/\/evolib.com\/\",\"sameAs\":[\"https:\/\/www.linkedin.com\/in\/evolib\/\",\"https:\/\/www.facebook.com\/EvoliB-556115924869914\/\"],\"logo\":{\"@type\":\"ImageObject\",\"inLanguage\":\"fr-FR\",\"@id\":\"http:\/\/evolib.com\/#\/schema\/logo\/image\/\",\"url\":\"\",\"contentUrl\":\"\",\"caption\":\"EvoliB\"},\"image\":{\"@id\":\"http:\/\/evolib.com\/#\/schema\/logo\/image\/\"}},{\"@type\":\"WebSite\",\"@id\":\"http:\/\/evolib.com\/#website\",\"url\":\"http:\/\/evolib.com\/\",\"name\":\"EvoliB - Assistante sociale ind\u00e9pendante - Manche\",\"description\":\"Cr\u00e9er des micro services sociaux adaptables\",\"publisher\":{\"@id\":\"http:\/\/evolib.com\/#organization\"},\"potentialAction\":[{\"@type\":\"SearchAction\",\"target\":{\"@type\":\"EntryPoint\",\"urlTemplate\":\"http:\/\/evolib.com\/?s={search_term_string}\"},\"query-input\":\"required name=search_term_string\"}],\"inLanguage\":\"fr-FR\"},{\"@type\":\"WebPage\",\"@id\":\"http:\/\/evolib.com\/#webpage\",\"url\":\"http:\/\/evolib.com\/\",\"name\":\"Assistante sociale ind\u00e9pendante - service social adaptable aux besoins\",\"isPartOf\":{\"@id\":\"http:\/\/evolib.com\/#website\"},\"datePublished\":\"2019-01-28T16:53:38+00:00\",\"dateModified\":\"2020-06-30T08:25:30+00:00\",\"description\":\"Assistante sociale ind\u00e9pendante. Contrat de prestation \u00e0 la carte pour les entreprises et \u00e9tablissements. Cr\u00e9ation de micro service sociaux, formation.\",\"breadcrumb\":{\"@id\":\"http:\/\/evolib.com\/#breadcrumb\"},\"inLanguage\":\"fr-FR\",\"potentialAction\":[{\"@type\":\"ReadAction\",\"target\":[\"http:\/\/evolib.com\/\"]}]},{\"@type\":\"BreadcrumbList\",\"@id\":\"http:\/\/evolib.com\/#breadcrumb\",\"itemListElement\":[{\"@type\":\"ListItem\",\"position\":1,\"name\":\"Accueil\",\"item\":\"http:\/\/evolib.com\/\"},{\"@type\":\"ListItem\",\"position\":2,\"name\":\"Assistante sociale ind\u00e9pendante Manche\"}]}]}<\/script>\n<!-- \/ Yoast SEO plugin. -->","yoast_head_json":{"title":"Assistante sociale ind\u00e9pendante - service social adaptable aux besoins","description":"Assistante sociale ind\u00e9pendante. Contrat de prestation \u00e0 la carte pour les entreprises et \u00e9tablissements. Cr\u00e9ation de micro service sociaux, formation.","robots":{"index":"index","follow":"follow","max-snippet":"max-snippet:-1","max-image-preview":"max-image-preview:large","max-video-preview":"max-video-preview:-1"},"canonical":"http:\/\/evolib.com\/","og_locale":"fr_FR","og_type":"article","og_title":"Assistante sociale ind\u00e9pendante - service social adaptable aux besoins","og_description":"Assistante sociale ind\u00e9pendante. Contrat de prestation \u00e0 la carte pour les entreprises et \u00e9tablissements. Cr\u00e9ation de micro service sociaux, formation.","og_url":"http:\/\/evolib.com\/","og_site_name":"EvoliB - Assistante sociale ind\u00e9pendante - Manche","article_publisher":"https:\/\/www.facebook.com\/EvoliB-556115924869914\/","article_modified_time":"2020-06-30T08:25:30+00:00","twitter_card":"summary_large_image","twitter_misc":{"Dur\u00e9e de lecture estim\u00e9e":"1 minute"},"schema":{"@context":"https:\/\/schema.org","@graph":[{"@type":"Organization","@id":"http:\/\/evolib.com\/#organization","name":"EvoliB","url":"http:\/\/evolib.com\/","sameAs":["https:\/\/www.linkedin.com\/in\/evolib\/","https:\/\/www.facebook.com\/EvoliB-556115924869914\/"],"logo":{"@type":"ImageObject","inLanguage":"fr-FR","@id":"http:\/\/evolib.com\/#\/schema\/logo\/image\/","url":"","contentUrl":"","caption":"EvoliB"},"image":{"@id":"http:\/\/evolib.com\/#\/schema\/logo\/image\/"}},{"@type":"WebSite","@id":"http:\/\/evolib.com\/#website","url":"http:\/\/evolib.com\/","name":"EvoliB - Assistante sociale ind\u00e9pendante - Manche","description":"Cr\u00e9er des micro services sociaux adaptables","publisher":{"@id":"http:\/\/evolib.com\/#organization"},"potentialAction":[{"@type":"SearchAction","target":{"@type":"EntryPoint","urlTemplate":"http:\/\/evolib.com\/?s={search_term_string}"},"query-input":"required name=search_term_string"}],"inLanguage":"fr-FR"},{"@type":"WebPage","@id":"http:\/\/evolib.com\/#webpage","url":"http:\/\/evolib.com\/","name":"Assistante sociale ind\u00e9pendante - service social adaptable aux besoins","isPartOf":{"@id":"http:\/\/evolib.com\/#website"},"datePublished":"2019-01-28T16:53:38+00:00","dateModified":"2020-06-30T08:25:30+00:00","description":"Assistante sociale ind\u00e9pendante. Contrat de prestation \u00e0 la carte pour les entreprises et \u00e9tablissements. Cr\u00e9ation de micro service sociaux, formation.","breadcrumb":{"@id":"http:\/\/evolib.com\/#breadcrumb"},"inLanguage":"fr-FR","potentialAction":[{"@type":"ReadAction","target":["http:\/\/evolib.com\/"]}]},{"@type":"BreadcrumbList","@id":"http:\/\/evolib.com\/#breadcrumb","itemListElement":[{"@type":"ListItem","position":1,"name":"Accueil","item":"http:\/\/evolib.com\/"},{"@type":"ListItem","position":2,"name":"Assistante sociale ind\u00e9pendante Manche"}]}]}},"_links":{"self":[{"href":"https:\/\/evolib.com\/index.php\/wp-json\/wp\/v2\/pages\/114"}],"collection":[{"href":"https:\/\/evolib.com\/index.php\/wp-json\/wp\/v2\/pages"}],"about":[{"href":"https:\/\/evolib.com\/index.php\/wp-json\/wp\/v2\/types\/page"}],"author":[{"embeddable":true,"href":"https:\/\/evolib.com\/index.php\/wp-json\/wp\/v2\/users\/1"}],"replies":[{"embeddable":true,"href":"https:\/\/evolib.com\/index.php\/wp-json\/wp\/v2\/comments?post=114"}],"version-history":[{"count":13,"href":"https:\/\/evolib.com\/index.php\/wp-json\/wp\/v2\/pages\/114\/revisions"}],"predecessor-version":[{"id":719,"href":"https:\/\/evolib.com\/index.php\/wp-json\/wp\/v2\/pages\/114\/revisions\/719"}],"wp:attachment":[{"href":"https:\/\/evolib.com\/index.php\/wp-json\/wp\/v2\/media?parent=114"}],"curies":[{"name":"wp","href":"https:\/\/api.w.org\/{rel}","templated":true}]}}