{"id":404,"date":"2019-03-28T12:31:28","date_gmt":"2019-03-28T11:31:28","guid":{"rendered":"http:\/\/evolib.com\/?page_id=404"},"modified":"2024-01-11T18:31:31","modified_gmt":"2024-01-11T17:31:31","slug":"mentions-legales","status":"publish","type":"page","link":"https:\/\/evolib.com\/index.php\/mentions-legales\/","title":{"rendered":"Mentions l\u00e9gales"},"content":{"rendered":"\n<p><b>Identification<\/b><\/p>\n\n\n\n<div class=\"wp-block-columns are-vertically-aligned-center is-layout-flex wp-container-core-columns-is-layout-1 wp-block-columns-is-layout-flex\">\n<div class=\"wp-block-column is-vertically-aligned-center is-layout-flow wp-block-column-is-layout-flow\" style=\"flex-basis:33.33%\">\n<p>Entreprise individuelle <\/p>\n\n\n\n<p>Camille Avoyne<\/p>\n<\/div>\n\n\n\n<div class=\"wp-block-column is-vertically-aligned-center is-layout-flow wp-block-column-is-layout-flow\" style=\"flex-basis:33.33%\">\n<p>Domicili\u00e9e au P\u00f4le Salengro &#8211; 61 rue Roger Salengro &#8211; 50130 Cherbourg en Cotentin<\/p>\n<\/div>\n\n\n\n<div class=\"wp-block-column is-vertically-aligned-center is-layout-flow wp-block-column-is-layout-flow\" style=\"flex-basis:33.33%\">\n<p>06.17.23.50.91 contact@evolib.com<\/p>\n<\/div>\n<\/div>\n\n\n\n<p><strong>Activit\u00e9<\/strong><\/p>\n\n\n\n<ul>\n<li>Assistante de service social ind\u00e9pendante<\/li>\n\n\n\n<li>Code NAF : 8899B<\/li>\n\n\n\n<li>N\u00b0 SIRET : 84995326000015<\/li>\n\n\n\n<li>N\u00b0 TVA : FR 34849953260<\/li>\n\n\n\n<li>Organisme de formation n\u00b028500148350<\/li>\n<\/ul>\n\n\n\n<p><strong>Droits d\u2019auteur : <\/strong><\/p>\n\n\n\n<p>Tous les articles et documents de ce site sont \u00e9crits par mes soins. Vous pouvez les t\u00e9l\u00e9charger et les utiliser \u00e0 des fins p\u00e9dagogiques. Je vous demande de conserver la source.<\/p>\n\n\n\n<p>Malgr\u00e9 tous les soins apport\u00e9s \u00e0 la r\u00e9alisation de ce site et \u00e0 son actualisation r\u00e9guli\u00e8re, des erreurs peuvent s\u2019\u00eatre gliss\u00e9es dans les informations et\/ou documents pr\u00e9sent\u00e9s. Si vous en constatez n\u2019h\u00e9sitez pas \u00e0 me le faire savoir en me contactant, je proc\u00e9derai aux rectifications correspondantes.<\/p>\n\n\n\n<p><strong>R\u00e9alisation et h\u00e9bergement du site<\/strong> :<\/p>\n\n\n\n<p>Le pr\u00e9sent site est la propri\u00e9t\u00e9 de l&rsquo;entreprise individuelle EvoliB. Il est r\u00e9alis\u00e9 et actualis\u00e9 par mes soins.<\/p>\n\n\n\n<p>Le site est h\u00e9berg\u00e9 par :<br>OVH<br>2, rue Kellermann<br>BP 80157<br>59053 Roubaix Cedex 1<\/p>\n\n\n\n<p><strong>Utilisation des donn\u00e9es personnelles :<\/strong><\/p>\n\n\n\n<p class=\"has-text-align-left\">Les informations recueillies dans le questionnaire d&rsquo;inscription \u00e0 la newsletters sont enregistr\u00e9es dans un fichier informatis\u00e9 par OVH,&nbsp;l&rsquo;h\u00e9bergeur du site. Les donn\u00e9es marqu\u00e9es par un ast\u00e9risque dans le questionnaire doivent obligatoirement \u00eatre fournies. Dans le cas contraire,&nbsp;la newsletter ne pourra pas \u00eatre envoy\u00e9e. Les donn\u00e9es collect\u00e9es seront accessibles seulement par moi-m\u00eame. Elles sont conserv\u00e9es tant que vous restez inscrit \u00e0 cette newsletter.<\/p>\n\n\n\n<p class=\"has-text-align-left\">Vous pouvez acc\u00e9der aux donn\u00e9es vous concernant, les rectifier, demander leur effacement ou exercer votre droit \u00e0 la limitation du traitement de vos donn\u00e9es. Consultez le site cnil.fr pour plus d\u2019informations sur vos droits. Pour exercer ces droits ou pour toute question sur le traitement de vos donn\u00e9es dans ce dispositif, vous pouvez me contacter. Si vous estimez, apr\u00e8s nous avoir contact\u00e9s, que vos droits \u00ab&nbsp;Informatique et Libert\u00e9s&nbsp;\u00bb ne sont pas respect\u00e9s, vous pouvez adresser une r\u00e9clamation \u00e0 la CNIL.<\/p>\n","protected":false},"excerpt":{"rendered":"<p>Identification Entreprise individuelle Camille Avoyne Domicili\u00e9e au P\u00f4le Salengro &#8211; 61 rue Roger Salengro &#8211; 50130 Cherbourg en Cotentin 06.17.23.50.91 contact@evolib.com Activit\u00e9 Droits d\u2019auteur : Tous les articles et documents de ce site sont \u00e9crits par mes soins. Vous pouvez les t\u00e9l\u00e9charger et les utiliser \u00e0 des fins p\u00e9dagogiques. Je&hellip;<\/p>\n","protected":false},"author":1,"featured_media":0,"parent":0,"menu_order":0,"comment_status":"closed","ping_status":"closed","template":"","meta":{"footnotes":""},"yoast_head":"<!-- This site is optimized with the Yoast SEO plugin v19.0 - https:\/\/yoast.com\/wordpress\/plugins\/seo\/ -->\n<title>Mentions l\u00e9gales - EvoliB - Assistante sociale ind\u00e9pendante - Manche<\/title>\n<meta name=\"robots\" content=\"index, follow, max-snippet:-1, max-image-preview:large, max-video-preview:-1\" \/>\n<link rel=\"canonical\" href=\"http:\/\/evolib.com\/index.php\/mentions-legales\/\" \/>\n<meta property=\"og:locale\" content=\"fr_FR\" \/>\n<meta property=\"og:type\" content=\"article\" \/>\n<meta property=\"og:title\" content=\"Mentions l\u00e9gales - EvoliB - Assistante sociale ind\u00e9pendante - Manche\" \/>\n<meta property=\"og:description\" content=\"Identification Entreprise individuelle Camille Avoyne Domicili\u00e9e au P\u00f4le Salengro &#8211; 61 rue Roger Salengro &#8211; 50130 Cherbourg en Cotentin 06.17.23.50.91 contact@evolib.com Activit\u00e9 Droits d\u2019auteur : Tous les articles et documents de ce site sont \u00e9crits par mes soins. Vous pouvez les t\u00e9l\u00e9charger et les utiliser \u00e0 des fins p\u00e9dagogiques. Je&hellip;\" \/>\n<meta property=\"og:url\" content=\"http:\/\/evolib.com\/index.php\/mentions-legales\/\" \/>\n<meta property=\"og:site_name\" content=\"EvoliB - Assistante sociale ind\u00e9pendante - Manche\" \/>\n<meta property=\"article:publisher\" content=\"https:\/\/www.facebook.com\/EvoliB-556115924869914\/\" \/>\n<meta property=\"article:modified_time\" content=\"2024-01-11T17:31:31+00:00\" \/>\n<meta name=\"twitter:card\" content=\"summary_large_image\" \/>\n<meta name=\"twitter:label1\" content=\"Dur\u00e9e de lecture estim\u00e9e\" \/>\n\t<meta name=\"twitter:data1\" content=\"2 minutes\" \/>\n<script type=\"application\/ld+json\" class=\"yoast-schema-graph\">{\"@context\":\"https:\/\/schema.org\",\"@graph\":[{\"@type\":\"Organization\",\"@id\":\"http:\/\/evolib.com\/#organization\",\"name\":\"EvoliB\",\"url\":\"http:\/\/evolib.com\/\",\"sameAs\":[\"https:\/\/www.linkedin.com\/in\/evolib\/\",\"https:\/\/www.facebook.com\/EvoliB-556115924869914\/\"],\"logo\":{\"@type\":\"ImageObject\",\"inLanguage\":\"fr-FR\",\"@id\":\"http:\/\/evolib.com\/#\/schema\/logo\/image\/\",\"url\":\"\",\"contentUrl\":\"\",\"caption\":\"EvoliB\"},\"image\":{\"@id\":\"http:\/\/evolib.com\/#\/schema\/logo\/image\/\"}},{\"@type\":\"WebSite\",\"@id\":\"http:\/\/evolib.com\/#website\",\"url\":\"http:\/\/evolib.com\/\",\"name\":\"EvoliB - Assistante sociale ind\u00e9pendante - Manche\",\"description\":\"Cr\u00e9er des micro services sociaux adaptables\",\"publisher\":{\"@id\":\"http:\/\/evolib.com\/#organization\"},\"potentialAction\":[{\"@type\":\"SearchAction\",\"target\":{\"@type\":\"EntryPoint\",\"urlTemplate\":\"http:\/\/evolib.com\/?s={search_term_string}\"},\"query-input\":\"required name=search_term_string\"}],\"inLanguage\":\"fr-FR\"},{\"@type\":\"WebPage\",\"@id\":\"http:\/\/evolib.com\/index.php\/mentions-legales\/#webpage\",\"url\":\"http:\/\/evolib.com\/index.php\/mentions-legales\/\",\"name\":\"Mentions l\u00e9gales - EvoliB - Assistante sociale ind\u00e9pendante - Manche\",\"isPartOf\":{\"@id\":\"http:\/\/evolib.com\/#website\"},\"datePublished\":\"2019-03-28T11:31:28+00:00\",\"dateModified\":\"2024-01-11T17:31:31+00:00\",\"breadcrumb\":{\"@id\":\"http:\/\/evolib.com\/index.php\/mentions-legales\/#breadcrumb\"},\"inLanguage\":\"fr-FR\",\"potentialAction\":[{\"@type\":\"ReadAction\",\"target\":[\"http:\/\/evolib.com\/index.php\/mentions-legales\/\"]}]},{\"@type\":\"BreadcrumbList\",\"@id\":\"http:\/\/evolib.com\/index.php\/mentions-legales\/#breadcrumb\",\"itemListElement\":[{\"@type\":\"ListItem\",\"position\":1,\"name\":\"Accueil\",\"item\":\"http:\/\/evolib.com\/\"},{\"@type\":\"ListItem\",\"position\":2,\"name\":\"Mentions l\u00e9gales\"}]}]}<\/script>\n<!-- \/ Yoast SEO plugin. -->","yoast_head_json":{"title":"Mentions l\u00e9gales - EvoliB - Assistante sociale ind\u00e9pendante - Manche","robots":{"index":"index","follow":"follow","max-snippet":"max-snippet:-1","max-image-preview":"max-image-preview:large","max-video-preview":"max-video-preview:-1"},"canonical":"http:\/\/evolib.com\/index.php\/mentions-legales\/","og_locale":"fr_FR","og_type":"article","og_title":"Mentions l\u00e9gales - EvoliB - Assistante sociale ind\u00e9pendante - Manche","og_description":"Identification Entreprise individuelle Camille Avoyne Domicili\u00e9e au P\u00f4le Salengro &#8211; 61 rue Roger Salengro &#8211; 50130 Cherbourg en Cotentin 06.17.23.50.91 contact@evolib.com Activit\u00e9 Droits d\u2019auteur : Tous les articles et documents de ce site sont \u00e9crits par mes soins. Vous pouvez les t\u00e9l\u00e9charger et les utiliser \u00e0 des fins p\u00e9dagogiques. Je&hellip;","og_url":"http:\/\/evolib.com\/index.php\/mentions-legales\/","og_site_name":"EvoliB - Assistante sociale ind\u00e9pendante - Manche","article_publisher":"https:\/\/www.facebook.com\/EvoliB-556115924869914\/","article_modified_time":"2024-01-11T17:31:31+00:00","twitter_card":"summary_large_image","twitter_misc":{"Dur\u00e9e de lecture estim\u00e9e":"2 minutes"},"schema":{"@context":"https:\/\/schema.org","@graph":[{"@type":"Organization","@id":"http:\/\/evolib.com\/#organization","name":"EvoliB","url":"http:\/\/evolib.com\/","sameAs":["https:\/\/www.linkedin.com\/in\/evolib\/","https:\/\/www.facebook.com\/EvoliB-556115924869914\/"],"logo":{"@type":"ImageObject","inLanguage":"fr-FR","@id":"http:\/\/evolib.com\/#\/schema\/logo\/image\/","url":"","contentUrl":"","caption":"EvoliB"},"image":{"@id":"http:\/\/evolib.com\/#\/schema\/logo\/image\/"}},{"@type":"WebSite","@id":"http:\/\/evolib.com\/#website","url":"http:\/\/evolib.com\/","name":"EvoliB - Assistante sociale ind\u00e9pendante - Manche","description":"Cr\u00e9er des micro services sociaux adaptables","publisher":{"@id":"http:\/\/evolib.com\/#organization"},"potentialAction":[{"@type":"SearchAction","target":{"@type":"EntryPoint","urlTemplate":"http:\/\/evolib.com\/?s={search_term_string}"},"query-input":"required name=search_term_string"}],"inLanguage":"fr-FR"},{"@type":"WebPage","@id":"http:\/\/evolib.com\/index.php\/mentions-legales\/#webpage","url":"http:\/\/evolib.com\/index.php\/mentions-legales\/","name":"Mentions l\u00e9gales - EvoliB - Assistante sociale ind\u00e9pendante - Manche","isPartOf":{"@id":"http:\/\/evolib.com\/#website"},"datePublished":"2019-03-28T11:31:28+00:00","dateModified":"2024-01-11T17:31:31+00:00","breadcrumb":{"@id":"http:\/\/evolib.com\/index.php\/mentions-legales\/#breadcrumb"},"inLanguage":"fr-FR","potentialAction":[{"@type":"ReadAction","target":["http:\/\/evolib.com\/index.php\/mentions-legales\/"]}]},{"@type":"BreadcrumbList","@id":"http:\/\/evolib.com\/index.php\/mentions-legales\/#breadcrumb","itemListElement":[{"@type":"ListItem","position":1,"name":"Accueil","item":"http:\/\/evolib.com\/"},{"@type":"ListItem","position":2,"name":"Mentions l\u00e9gales"}]}]}},"_links":{"self":[{"href":"https:\/\/evolib.com\/index.php\/wp-json\/wp\/v2\/pages\/404"}],"collection":[{"href":"https:\/\/evolib.com\/index.php\/wp-json\/wp\/v2\/pages"}],"about":[{"href":"https:\/\/evolib.com\/index.php\/wp-json\/wp\/v2\/types\/page"}],"author":[{"embeddable":true,"href":"https:\/\/evolib.com\/index.php\/wp-json\/wp\/v2\/users\/1"}],"replies":[{"embeddable":true,"href":"https:\/\/evolib.com\/index.php\/wp-json\/wp\/v2\/comments?post=404"}],"version-history":[{"count":6,"href":"https:\/\/evolib.com\/index.php\/wp-json\/wp\/v2\/pages\/404\/revisions"}],"predecessor-version":[{"id":1142,"href":"https:\/\/evolib.com\/index.php\/wp-json\/wp\/v2\/pages\/404\/revisions\/1142"}],"wp:attachment":[{"href":"https:\/\/evolib.com\/index.php\/wp-json\/wp\/v2\/media?parent=404"}],"curies":[{"name":"wp","href":"https:\/\/api.w.org\/{rel}","templated":true}]}}